{"id":482,"date":"2013-07-17T21:56:44","date_gmt":"2013-07-17T19:56:44","guid":{"rendered":"http:\/\/www.lovesushi.de\/wordpress\/?page_id=482"},"modified":"2013-11-14T02:10:43","modified_gmt":"2013-11-14T00:10:43","slug":"amaebi","status":"publish","type":"page","link":"http:\/\/www.sushipedia.de\/wordpress\/nigri-sushi\/amaebi\/","title":{"rendered":"Amaebi"},"content":{"rendered":"<h3><a href=\"http:\/\/www.lovesushi.de\/wordpress\/wp-content\/uploads\/2013\/07\/flickr-amaebi-ccby20.jpg\"><img loading=\"lazy\" class=\"alignnone size-full wp-image-563\" alt=\"Amaebi Sushi\" src=\"http:\/\/www.lovesushi.de\/wordpress\/wp-content\/uploads\/2013\/07\/flickr-amaebi-ccby20.jpg\" width=\"1024\" height=\"590\" srcset=\"http:\/\/www.sushipedia.de\/wordpress\/wp-content\/uploads\/2013\/07\/flickr-amaebi-ccby20.jpg 1024w, http:\/\/www.sushipedia.de\/wordpress\/wp-content\/uploads\/2013\/07\/flickr-amaebi-ccby20-300x172.jpg 300w\" sizes=\"(max-width: 1024px) 100vw, 1024px\" \/><\/a><\/h3>\n<h3>Amaebi \u7518\u6d77\u8001\u00a0Sushi<\/h3>\n<p><strong>Deutsch: Einsmeergarnele, Tiefseegarnele, Kaltwassergarnele, s\u00fc\u00dfeschmeckende Garnele<\/strong><br \/>\n<strong>Englisch:\u00a0raw pink shrimp,\u00a0<b>northern prawn,\u00a0deepwater prawn,\u00a0<\/b><br \/>\n<\/strong><strong>Lateinisch:\u00a0<i>Pandalus borealis,\u00a0Pandalidae<\/i><\/strong><\/p>\n<p>Das japanische Wort Ama ist mit dem deutschen Wort s\u00fc\u00df gleichzusetzen, es beschreibt den leicht s\u00fc\u00dflichen Nachgeschmack dieser Garnele (Ebi). Bei Amaebi kann es sich um zwei unterschiedliche Arten handeln, entweder einer gr\u00f6\u00dferen Unterart aus dem n\u00f6rdlichen Atlantik oder der kleineren pazifischen Variante (Botanebi). Entgegen der g\u00e4ngigen Fangmethode, Garnelen direkt auf den Trawlern zu kochen und einzufrieren, werden f\u00fcr die Zubereitung von Amaebi rohe Garnellen herangezogen.<\/p>\n<p>Die Eismeergarnele wird bis zu 15cm lang und besitzt eine auff\u00e4llig intensive rosa Farbe . Charakteristisch ist ebenfalls ihr schlanker und gebogener K\u00f6rper, der zwar \u00fcber lange F\u00fchler besitzt, jedoch keine Scheren besitzt. Ihr Lebensraum sind die Kaltwasserzonen der n\u00f6rdlichen Weltemeere. Dort leben sie in Tiefen von bis zu 700 Metern.<\/p>\n<p>Bildquelle:\u00a0<a href=\"http:\/\/www.flickr.com\/photos\/68147320@N02\/\">T.Tseng<\/a>\u00a0(Flickr),<br \/>\nPicture is published via Creative Commons Attribution 2.0 Generic<\/p>\n","protected":false},"excerpt":{"rendered":"<p>Amaebi \u7518\u6d77\u8001\u00a0Sushi Deutsch: Einsmeergarnele, Tiefseegarnele, Kaltwassergarnele, s\u00fc\u00dfeschmeckende Garnele Englisch:\u00a0raw pink shrimp,\u00a0northern prawn,\u00a0deepwater prawn,\u00a0 Lateinisch:\u00a0Pandalus borealis,\u00a0Pandalidae Das japanische Wort Ama ist mit dem deutschen Wort s\u00fc\u00df gleichzusetzen, es beschreibt den leicht s\u00fc\u00dflichen Nachgeschmack dieser Garnele (Ebi). Bei Amaebi kann es sich &hellip;<\/p>\n<p class=\"read-more\"> <a class=\"more-link\" href=\"http:\/\/www.sushipedia.de\/wordpress\/nigri-sushi\/amaebi\/\"> <span class=\"screen-reader-text\">Amaebi<\/span> Read More &raquo;<\/a><\/p>\n","protected":false},"author":1,"featured_media":0,"parent":128,"menu_order":0,"comment_status":"closed","ping_status":"open","template":"content-sidebar-page.php","meta":[],"yoast_head":"<!-- This site is optimized with the Yoast SEO plugin v15.6.2 - https:\/\/yoast.com\/wordpress\/plugins\/seo\/ -->\n<title>Amaebi Sushi (INFORMATION) - Love Sushi - SUSHIPEDIA<\/title>\n<meta name=\"description\" content=\"Amaebi \u7518\u6d77\u8001 Sushi: Das japanische Wort Ama ist mit dem deutschen Wort s\u00fc\u00df gleichzusetzen, es beschreibt den leicht s\u00fc\u00dflichen Nachgeschmack dieser Garnele (Ebi).\" \/>\n<meta name=\"robots\" content=\"index, follow, max-snippet:-1, max-image-preview:large, max-video-preview:-1\" \/>\n<link rel=\"canonical\" href=\"http:\/\/www.sushipedia.de\/wordpress\/nigri-sushi\/amaebi\/\" \/>\n<meta property=\"og:locale\" content=\"de_DE\" \/>\n<meta property=\"og:type\" content=\"article\" \/>\n<meta property=\"og:title\" content=\"Amaebi Sushi (INFORMATION) - Love Sushi - SUSHIPEDIA\" \/>\n<meta property=\"og:description\" content=\"Amaebi \u7518\u6d77\u8001 Sushi: Das japanische Wort Ama ist mit dem deutschen Wort s\u00fc\u00df gleichzusetzen, es beschreibt den leicht s\u00fc\u00dflichen Nachgeschmack dieser Garnele (Ebi).\" \/>\n<meta property=\"og:url\" content=\"http:\/\/www.sushipedia.de\/wordpress\/nigri-sushi\/amaebi\/\" \/>\n<meta property=\"og:site_name\" content=\"Love Sushi\" \/>\n<meta property=\"article:modified_time\" content=\"2013-11-14T00:10:43+00:00\" \/>\n<meta property=\"og:image\" content=\"http:\/\/www.lovesushi.de\/wordpress\/wp-content\/uploads\/2013\/07\/flickr-amaebi-ccby20.jpg\" \/>\n<meta name=\"twitter:label1\" content=\"Gesch\u00e4tzte Lesezeit\">\n\t<meta name=\"twitter:data1\" content=\"1\u00a0Minute\">\n<script type=\"application\/ld+json\" class=\"yoast-schema-graph\">{\"@context\":\"https:\/\/schema.org\",\"@graph\":[{\"@type\":\"WebSite\",\"@id\":\"http:\/\/www.sushipedia.de\/wordpress\/#website\",\"url\":\"http:\/\/www.sushipedia.de\/wordpress\/\",\"name\":\"Love Sushi\",\"description\":\"Die umfangreichste deutsche Sushi \\u00dcbersicht\",\"potentialAction\":[{\"@type\":\"SearchAction\",\"target\":\"http:\/\/www.sushipedia.de\/wordpress\/?s={search_term_string}\",\"query-input\":\"required name=search_term_string\"}],\"inLanguage\":\"de\"},{\"@type\":\"ImageObject\",\"@id\":\"http:\/\/www.sushipedia.de\/wordpress\/nigri-sushi\/amaebi\/#primaryimage\",\"inLanguage\":\"de\",\"url\":\"http:\/\/www.lovesushi.de\/wordpress\/wp-content\/uploads\/2013\/07\/flickr-amaebi-ccby20.jpg\"},{\"@type\":\"WebPage\",\"@id\":\"http:\/\/www.sushipedia.de\/wordpress\/nigri-sushi\/amaebi\/#webpage\",\"url\":\"http:\/\/www.sushipedia.de\/wordpress\/nigri-sushi\/amaebi\/\",\"name\":\"Amaebi Sushi (INFORMATION) - Love Sushi - SUSHIPEDIA\",\"isPartOf\":{\"@id\":\"http:\/\/www.sushipedia.de\/wordpress\/#website\"},\"primaryImageOfPage\":{\"@id\":\"http:\/\/www.sushipedia.de\/wordpress\/nigri-sushi\/amaebi\/#primaryimage\"},\"datePublished\":\"2013-07-17T19:56:44+00:00\",\"dateModified\":\"2013-11-14T00:10:43+00:00\",\"description\":\"Amaebi \\u7518\\u6d77\\u8001 Sushi: Das japanische Wort Ama ist mit dem deutschen Wort s\\u00fc\\u00df gleichzusetzen, es beschreibt den leicht s\\u00fc\\u00dflichen Nachgeschmack dieser Garnele (Ebi).\",\"breadcrumb\":{\"@id\":\"http:\/\/www.sushipedia.de\/wordpress\/nigri-sushi\/amaebi\/#breadcrumb\"},\"inLanguage\":\"de\",\"potentialAction\":[{\"@type\":\"ReadAction\",\"target\":[\"http:\/\/www.sushipedia.de\/wordpress\/nigri-sushi\/amaebi\/\"]}]},{\"@type\":\"BreadcrumbList\",\"@id\":\"http:\/\/www.sushipedia.de\/wordpress\/nigri-sushi\/amaebi\/#breadcrumb\",\"itemListElement\":[{\"@type\":\"ListItem\",\"position\":1,\"item\":{\"@type\":\"WebPage\",\"@id\":\"https:\/\/www.sushipedia.de\/wordpress\/nigri-sushi\/\",\"url\":\"https:\/\/www.sushipedia.de\/wordpress\/nigri-sushi\/\",\"name\":\"Nigiri Sushi\"}},{\"@type\":\"ListItem\",\"position\":2,\"item\":{\"@type\":\"WebPage\",\"@id\":\"http:\/\/www.sushipedia.de\/wordpress\/nigri-sushi\/amaebi\/\",\"url\":\"http:\/\/www.sushipedia.de\/wordpress\/nigri-sushi\/amaebi\/\",\"name\":\"Amaebi\"}}]}]}<\/script>\n<!-- \/ Yoast SEO plugin. -->","_links":{"self":[{"href":"http:\/\/www.sushipedia.de\/wordpress\/wp-json\/wp\/v2\/pages\/482"}],"collection":[{"href":"http:\/\/www.sushipedia.de\/wordpress\/wp-json\/wp\/v2\/pages"}],"about":[{"href":"http:\/\/www.sushipedia.de\/wordpress\/wp-json\/wp\/v2\/types\/page"}],"author":[{"embeddable":true,"href":"http:\/\/www.sushipedia.de\/wordpress\/wp-json\/wp\/v2\/users\/1"}],"replies":[{"embeddable":true,"href":"http:\/\/www.sushipedia.de\/wordpress\/wp-json\/wp\/v2\/comments?post=482"}],"version-history":[{"count":6,"href":"http:\/\/www.sushipedia.de\/wordpress\/wp-json\/wp\/v2\/pages\/482\/revisions"}],"predecessor-version":[{"id":582,"href":"http:\/\/www.sushipedia.de\/wordpress\/wp-json\/wp\/v2\/pages\/482\/revisions\/582"}],"up":[{"embeddable":true,"href":"http:\/\/www.sushipedia.de\/wordpress\/wp-json\/wp\/v2\/pages\/128"}],"wp:attachment":[{"href":"http:\/\/www.sushipedia.de\/wordpress\/wp-json\/wp\/v2\/media?parent=482"}],"curies":[{"name":"wp","href":"https:\/\/api.w.org\/{rel}","templated":true}]}}