{"id":486,"date":"2013-07-17T21:59:31","date_gmt":"2013-07-17T19:59:31","guid":{"rendered":"http:\/\/www.lovesushi.de\/wordpress\/?page_id=486"},"modified":"2013-07-18T11:49:44","modified_gmt":"2013-07-18T09:49:44","slug":"mirugai","status":"publish","type":"page","link":"http:\/\/www.sushipedia.de\/wordpress\/nigri-sushi\/mirugai\/","title":{"rendered":"Mirugai"},"content":{"rendered":"<p><a href=\"http:\/\/www.lovesushi.de\/wordpress\/wp-content\/uploads\/2013\/07\/mirugai-flickr.jpg\"><img loading=\"lazy\" class=\"alignnone  wp-image-496\" alt=\"Mirugai Zushi\" src=\"http:\/\/www.lovesushi.de\/wordpress\/wp-content\/uploads\/2013\/07\/mirugai-flickr-1024x578.jpg\" width=\"1024\" height=\"578\" srcset=\"http:\/\/www.sushipedia.de\/wordpress\/wp-content\/uploads\/2013\/07\/mirugai-flickr-1024x578.jpg 1024w, http:\/\/www.sushipedia.de\/wordpress\/wp-content\/uploads\/2013\/07\/mirugai-flickr-300x169.jpg 300w, http:\/\/www.sushipedia.de\/wordpress\/wp-content\/uploads\/2013\/07\/mirugai-flickr.jpg 1440w\" sizes=\"(max-width: 1024px) 100vw, 1024px\" \/><\/a><\/p>\n<h1>Mirugai \u6d77\u677e\u8c9d (\u307f\u308b\u304c\u3044) Sushi<\/h1>\n<p><strong>Deutsch: Elefantenr\u00fcsselmuschel,\u00a0K\u00f6nigsmuschel<br \/>\nEnglisch: Geoduck, Elephant Trunk Clam, King Clam<br \/>\nLateinisch:\u00a0<i>Panopea abrupta<\/i>\u00a0oder\u00a0<i>Panope generosa<\/i><\/strong><\/p>\n<p>Mirugai Sushi ist japanisch und steht im deutschen f\u00fcr die Elefantenr\u00fcsselmuschel, eine auch bei uns nur sehr wenig kulinarisch genutzten\u00a0Salzwassermuschelart. Die Elefantenr\u00fcsselmuschel geh\u00f6rt zu den gr\u00f6\u00dften Muschelarten der Welt, mit einem Gewicht von bis zu 1,5 Kg. Nicht nur ihre Gr\u00f6\u00dfe ist beachtlich sonder auch ihre Lebenserwartung von durchschnittlich 140 Jahren. Ihr nat\u00fcrlicher Lebensraum zieht sich entlang der amerikansichen nordwest K\u00fcste, die gro\u00dfe Nachfrage (besonders aus Asien) \u00a0wird ausschlie\u00dflich mit Muscheln aus Aquakulturen bedient.\u00a0Die Nachfrage ist teilweise so hoch, dass auf dem Tokioter Tsujiki Fischmarkt, Kilopreise bis zu 80 Euro erzielt werden.<\/p>\n<div>\n<p>Die Elefantenr\u00fcsselmuschel genie\u00dft in der japanischen K\u00fcche nicht nur aufgrund ihrer nachgesagten aprodisierten Wirkung ein hohes ansehen , sondern auch dank ihres herzhaften Fleisch und ihrer feinen Aussenhaut. Der Geschmack des herzhaften Fleisch ist vollmundig und intensiv mit einer leichten Salznote. Zum auflockern des festen und rohen Fleisch, wird dieses h\u00e4ufig mit leichten Einschnitten auf der Oberseite serviert.<\/p>\n<p>In manch g\u00fcnstigen Restaurants, besonders in Japan, kommt es mitunter vor dass anstatt Elefantenr\u00fcsselmuschel die Tresusmuschel (Horse Clam), aufgrund ihres von der Konsistens \u00e4hnlichen Fleisches, serviert wird. Die richtige Bezeichnung f\u00fcr die Tresus lautet Mirukuigai \u30df\u30eb\u30af\u30a4\u30ac\u30a4 \u6d77\u677e\u98df\u8c9d.<\/p>\n<div>Bildquelle (oben):\u00a0<a id=\"yui_3_7_3_3_1374093350780_921\" href=\"http:\/\/www.flickr.com\/photos\/takaokun\/\">takaokun<\/a>\u00a0(Flickr)<\/div>\n<div>Das Bild wurde vom Urheber ver\u00f6ffentlicht unter der Creative Commons Attribution 2.0 Generic (CC BY 2.0) Lizenz<\/div>\n<p>&nbsp;<\/p>\n<\/div>\n","protected":false},"excerpt":{"rendered":"<p>Mirugai \u6d77\u677e\u8c9d (\u307f\u308b\u304c\u3044) Sushi Deutsch: Elefantenr\u00fcsselmuschel,\u00a0K\u00f6nigsmuschel Englisch: Geoduck, Elephant Trunk Clam, King Clam Lateinisch:\u00a0Panopea abrupta\u00a0oder\u00a0Panope generosa Mirugai Sushi ist japanisch und steht im deutschen f\u00fcr die Elefantenr\u00fcsselmuschel, eine auch bei uns nur sehr wenig kulinarisch genutzten\u00a0Salzwassermuschelart. Die Elefantenr\u00fcsselmuschel geh\u00f6rt zu &hellip;<\/p>\n<p class=\"read-more\"> <a class=\"more-link\" href=\"http:\/\/www.sushipedia.de\/wordpress\/nigri-sushi\/mirugai\/\"> <span class=\"screen-reader-text\">Mirugai<\/span> Read More &raquo;<\/a><\/p>\n","protected":false},"author":1,"featured_media":496,"parent":128,"menu_order":0,"comment_status":"closed","ping_status":"open","template":"content-sidebar-page.php","meta":[],"yoast_head":"<!-- This site is optimized with the Yoast SEO plugin v15.6.2 - https:\/\/yoast.com\/wordpress\/plugins\/seo\/ -->\n<title>Mirugai Sushi (Information) - Love Sushi - Sushipedia<\/title>\n<meta name=\"description\" content=\"Mirugai ist japanisch und steht im deutschen f\u00fcr die Elefantenr\u00fcsselmuschel, eine auch bei uns nur sehr wenig kulinarisch genutzten Salzwassermuschelart ...\" \/>\n<meta name=\"robots\" content=\"index, follow, max-snippet:-1, max-image-preview:large, max-video-preview:-1\" \/>\n<link rel=\"canonical\" href=\"http:\/\/www.sushipedia.de\/wordpress\/nigri-sushi\/mirugai\/\" \/>\n<meta property=\"og:locale\" content=\"de_DE\" \/>\n<meta property=\"og:type\" content=\"article\" \/>\n<meta property=\"og:title\" content=\"Mirugai Sushi (Information) - Love Sushi - Sushipedia\" \/>\n<meta property=\"og:description\" content=\"Mirugai ist japanisch und steht im deutschen f\u00fcr die Elefantenr\u00fcsselmuschel, eine auch bei uns nur sehr wenig kulinarisch genutzten Salzwassermuschelart. Die Elefantenr\u00fcsselmuschel (Mirugai) geh\u00f6rt zu den gr\u00f6\u00dften ...\" \/>\n<meta property=\"og:url\" content=\"http:\/\/www.sushipedia.de\/wordpress\/nigri-sushi\/mirugai\/\" \/>\n<meta property=\"og:site_name\" content=\"Love Sushi\" \/>\n<meta property=\"article:modified_time\" content=\"2013-07-18T09:49:44+00:00\" \/>\n<meta property=\"og:image\" content=\"http:\/\/www.sushipedia.de\/wordpress\/wp-content\/uploads\/2013\/07\/mirugai-flickr.jpg\" \/>\n\t<meta property=\"og:image:width\" content=\"1440\" \/>\n\t<meta property=\"og:image:height\" content=\"814\" \/>\n<meta name=\"twitter:label1\" content=\"Gesch\u00e4tzte Lesezeit\">\n\t<meta name=\"twitter:data1\" content=\"1\u00a0Minute\">\n<script type=\"application\/ld+json\" class=\"yoast-schema-graph\">{\"@context\":\"https:\/\/schema.org\",\"@graph\":[{\"@type\":\"WebSite\",\"@id\":\"http:\/\/www.sushipedia.de\/wordpress\/#website\",\"url\":\"http:\/\/www.sushipedia.de\/wordpress\/\",\"name\":\"Love Sushi\",\"description\":\"Die umfangreichste deutsche Sushi \\u00dcbersicht\",\"potentialAction\":[{\"@type\":\"SearchAction\",\"target\":\"http:\/\/www.sushipedia.de\/wordpress\/?s={search_term_string}\",\"query-input\":\"required name=search_term_string\"}],\"inLanguage\":\"de\"},{\"@type\":\"ImageObject\",\"@id\":\"http:\/\/www.sushipedia.de\/wordpress\/nigri-sushi\/mirugai\/#primaryimage\",\"inLanguage\":\"de\",\"url\":\"http:\/\/www.sushipedia.de\/wordpress\/wp-content\/uploads\/2013\/07\/mirugai-flickr.jpg\",\"width\":1440,\"height\":814,\"caption\":\"Mirugai Zushi\"},{\"@type\":\"WebPage\",\"@id\":\"http:\/\/www.sushipedia.de\/wordpress\/nigri-sushi\/mirugai\/#webpage\",\"url\":\"http:\/\/www.sushipedia.de\/wordpress\/nigri-sushi\/mirugai\/\",\"name\":\"Mirugai Sushi (Information) - Love Sushi - Sushipedia\",\"isPartOf\":{\"@id\":\"http:\/\/www.sushipedia.de\/wordpress\/#website\"},\"primaryImageOfPage\":{\"@id\":\"http:\/\/www.sushipedia.de\/wordpress\/nigri-sushi\/mirugai\/#primaryimage\"},\"datePublished\":\"2013-07-17T19:59:31+00:00\",\"dateModified\":\"2013-07-18T09:49:44+00:00\",\"description\":\"Mirugai ist japanisch und steht im deutschen f\\u00fcr die Elefantenr\\u00fcsselmuschel, eine auch bei uns nur sehr wenig kulinarisch genutzten Salzwassermuschelart ...\",\"breadcrumb\":{\"@id\":\"http:\/\/www.sushipedia.de\/wordpress\/nigri-sushi\/mirugai\/#breadcrumb\"},\"inLanguage\":\"de\",\"potentialAction\":[{\"@type\":\"ReadAction\",\"target\":[\"http:\/\/www.sushipedia.de\/wordpress\/nigri-sushi\/mirugai\/\"]}]},{\"@type\":\"BreadcrumbList\",\"@id\":\"http:\/\/www.sushipedia.de\/wordpress\/nigri-sushi\/mirugai\/#breadcrumb\",\"itemListElement\":[{\"@type\":\"ListItem\",\"position\":1,\"item\":{\"@type\":\"WebPage\",\"@id\":\"http:\/\/www.sushipedia.de\/wordpress\/nigri-sushi\/\",\"url\":\"http:\/\/www.sushipedia.de\/wordpress\/nigri-sushi\/\",\"name\":\"Nigiri Sushi\"}},{\"@type\":\"ListItem\",\"position\":2,\"item\":{\"@type\":\"WebPage\",\"@id\":\"http:\/\/www.sushipedia.de\/wordpress\/nigri-sushi\/mirugai\/\",\"url\":\"http:\/\/www.sushipedia.de\/wordpress\/nigri-sushi\/mirugai\/\",\"name\":\"Mirugai\"}}]}]}<\/script>\n<!-- \/ Yoast SEO plugin. -->","_links":{"self":[{"href":"http:\/\/www.sushipedia.de\/wordpress\/wp-json\/wp\/v2\/pages\/486"}],"collection":[{"href":"http:\/\/www.sushipedia.de\/wordpress\/wp-json\/wp\/v2\/pages"}],"about":[{"href":"http:\/\/www.sushipedia.de\/wordpress\/wp-json\/wp\/v2\/types\/page"}],"author":[{"embeddable":true,"href":"http:\/\/www.sushipedia.de\/wordpress\/wp-json\/wp\/v2\/users\/1"}],"replies":[{"embeddable":true,"href":"http:\/\/www.sushipedia.de\/wordpress\/wp-json\/wp\/v2\/comments?post=486"}],"version-history":[{"count":16,"href":"http:\/\/www.sushipedia.de\/wordpress\/wp-json\/wp\/v2\/pages\/486\/revisions"}],"predecessor-version":[{"id":491,"href":"http:\/\/www.sushipedia.de\/wordpress\/wp-json\/wp\/v2\/pages\/486\/revisions\/491"}],"up":[{"embeddable":true,"href":"http:\/\/www.sushipedia.de\/wordpress\/wp-json\/wp\/v2\/pages\/128"}],"wp:featuredmedia":[{"embeddable":true,"href":"http:\/\/www.sushipedia.de\/wordpress\/wp-json\/wp\/v2\/media\/496"}],"wp:attachment":[{"href":"http:\/\/www.sushipedia.de\/wordpress\/wp-json\/wp\/v2\/media?parent=486"}],"curies":[{"name":"wp","href":"https:\/\/api.w.org\/{rel}","templated":true}]}}